{"id":2211,"date":"2021-03-29T16:41:28","date_gmt":"2021-03-29T16:41:28","guid":{"rendered":"http:\/\/ottawascoop.com\/clearcorrect\/?page_id=2211"},"modified":"2024-10-03T18:22:07","modified_gmt":"2024-10-03T18:22:07","slug":"doctor-consent-agreement","status":"publish","type":"page","link":"https:\/\/results.clearcorrect.com\/es\/doctor-consent-agreement\/","title":{"rendered":"Acuerdo de consentimiento m\u00e9dico"},"content":{"rendered":"<div style=\"height:100px\" aria-hidden=\"true\" class=\"wp-block-spacer\"><\/div>\n\n\n\n<h1 class=\"wp-block-heading\">Acuerdo de consentimiento m\u00e9dico<\/h1>\n\n\n\n<div style=\"height:30px\" aria-hidden=\"true\" class=\"wp-block-spacer\"><\/div>\n\n\n\n<p>Yo, el cl\u00ednico abajo firmante, certificado en el pa\u00eds indicado en mi inscripci\u00f3n (en adelante \"Doctor\"), tras haber le\u00eddo y comprendido el contenido que figura a continuaci\u00f3n, acepto y consiento lo siguiente:<\/p>\n\n\n\n<h3 class=\"wp-block-heading\">ENVIOS<\/h3>\n\n\n\n<p>1.<strong> El Doctor se somete a ClearCorrect, (\"ClearCorrect\")<\/strong>:<\/p>\n\n\n\n<p>a. N\u00fameros de registro de pacientes, que ClearCorrect s\u00f3lo utilizar\u00e1 a efectos de verificaci\u00f3n del pago y posteriormente eliminar\u00e1 de sus sistemas;<\/p>\n\n\n\n<p>b. Informaci\u00f3n, documentaci\u00f3n y materiales relacionados con tratamientos completados de adultos o pacientes dentro de los documentos de Instrucciones de uso aplicables para el sistema de alineador transparente ClearCorrect, incluidos, entre otros, fotograf\u00edas, registros de configuraci\u00f3n del tratamiento, radiograf\u00edas (rayos X), testimonios, registros de pacientes, modelos, impresiones PVS, formulario de resumen del tratamiento e informaci\u00f3n demogr\u00e1fica (\"Datos del paciente\"), para su uso en libros de casos, galer\u00edas de tratamientos, sitios web de ClearCorrect (incluida, entre otras, la Galer\u00eda de casos ClearCorrect), publicaciones de educaci\u00f3n cl\u00ednica, exposiciones en convenciones, presentaciones, publicidad y cualquier otra actividad de marketing o promocional (que puede ser en l\u00ednea o impresa), o el Programa ClearCorrect u otro programa de educaci\u00f3n profesional (el \"Prop\u00f3sito permitido\"), junto con informaci\u00f3n que me identifique y me identifique como su m\u00e9dico tratante (\"Datos del m\u00e9dico\"); y<\/p>\n\n\n\n<p>2. El Doctor acepta y por la presente declara y garantiza que ha obtenido de cualquier paciente cuyos datos est\u00e9n incluidos en los Datos del Paciente un Formulario de Consentimiento y Exenci\u00f3n del Paciente firmado en el formulario proporcionado por ClearCorrect, as\u00ed como cualquier otro documento que las Leyes de Privacidad Aplicables puedan requerir con el fin de obtener el consentimiento expl\u00edcito de un Paciente para el procesamiento de sus Datos del Paciente para el Prop\u00f3sito Permitido firmado por el paciente y el padre\/tutor del paciente si el paciente carece de la capacidad legal para firmar, p. ej. un menor de edad, autorizando el tratamiento de sus Datos del Paciente, que incluye una descripci\u00f3n de los Datos Personales (definidos como cualquier informaci\u00f3n relativa a una persona f\u00edsica identificada o identificable que es aquella que puede ser identificada, directa o indirectamente, en particular mediante referencia a un n\u00famero de identificaci\u00f3n o a uno o m\u00e1s factores espec\u00edficos de su identidad f\u00edsica, fisiol\u00f3gica, mental, econ\u00f3mica, cultural o social) y autorizando el uso por parte de ClearCorrect de dichos Datos del Paciente para la Finalidad Permitida sin ninguna compensaci\u00f3n (a) y (b) colectivamente, \"Env\u00edos\".<\/p>\n\n\n\n<p><strong>3. En relaci\u00f3n con las Presentaciones:<\/strong><\/p>\n\n\n\n<p>ClearCorrect y el Doctor reconocen que los env\u00edos incluyen datos personales y pueden incluir categor\u00edas especiales de datos, como datos relacionados con la salud.<\/p>\n\n\n\n<p>El Doctor deber\u00e1 cumplir con las leyes de privacidad y protecci\u00f3n de datos aplicables en el estado y pa\u00eds en el que el Doctor ejerce (las \"Leyes de Privacidad Aplicables\") cuando procese datos personales relacionados con pacientes, incluyendo el procesamiento de Datos de Pacientes, y en la recolecci\u00f3n y transferencia de Env\u00edos.<\/p>\n\n\n\n<p>ClearCorrect s\u00f3lo procesar\u00e1 los Env\u00edos para el Prop\u00f3sito Permitido y lo har\u00e1 como controlador en pleno cumplimiento de las Leyes de Privacidad Aplicables.<\/p>\n\n\n\n<p>En ning\u00fan momento el Doctor identificar\u00e1 a ning\u00fan individuo por su nombre o proporcionar\u00e1 sus iniciales en los Datos del Paciente, salvo para proporcionar el n\u00famero de paciente para su comprobaci\u00f3n por ClearCorrect, y, si el Doctor lo hace inadvertidamente, ClearCorrect no debe utilizar o revelar dichos detalles en los Env\u00edos.<\/p>\n\n\n\n<p>El Doctor garantiza y declara que en el momento del env\u00edo el Env\u00edo le pertenece, y que ninguna otra persona o entidad tiene derechos sobre el Env\u00edo excepto el paciente. El m\u00e9dico deber\u00e1 indemnizar, defender y mantener indemne a ClearCorrect, su matriz, subsidiarias, afiliados, directores, funcionarios, empleados, agentes y agencias de cualquier y todas las reclamaciones, demandas y p\u00e9rdidas de cualquier tipo, incluyendo costos, da\u00f1os, pagos sanciones, intereses, multas e indemnizaciones, que surjan de o en conexi\u00f3n con su uso de las presentaciones, en la medida permitida por la ley y con la excepci\u00f3n de cualquier p\u00e9rdida causada a ClearCorrect como resultado de negligencia o dolo por parte de ClearCorrect.<\/p>\n\n\n\n<p><strong>4. Datos personales del m\u00e9dico:<\/strong><\/p>\n\n\n\n<p>El m\u00e9dico acepta y consiente que ClearCorrect procese su nombre, datos de contacto y cualquier otro dato personal que el m\u00e9dico proporcione durante su participaci\u00f3n en la galer\u00eda de tratamientos, o en el programa de galer\u00eda de casos global actualmente denominado u otro programa de formaci\u00f3n profesional para los fines permitidos que incluyen el programa de formaci\u00f3n para los fines permitidos que incluyen fines educativos y promocionales. Esto puede requerir que el nombre, la imagen, la informaci\u00f3n de contacto y el pa\u00eds de ejercicio profesional del m\u00e9dico se hagan p\u00fablicos en publicaciones en l\u00ednea e impresas junto con los datos de los pacientes.<\/p>\n\n\n\n<p>5. 5. El Doctor entiende el prop\u00f3sito y el alcance de este Acuerdo, y adem\u00e1s entiende que \u00e9l\/ella es libre de negar su consentimiento al uso de sus Datos Personales seg\u00fan lo establecido anteriormente o retirar su consentimiento en cualquier momento y que cuando sus Datos Personales hayan sido utilizados en la impresi\u00f3n, su negativa o retirada no tendr\u00e1 un efecto retroactivo. Asimismo, el Doctor tiene derecho a acceder a sus Datos Personales en poder de ClearCorrect y a solicitar su correcci\u00f3n o eliminaci\u00f3n, pero reconoce que cuando los Datos del Doctor hayan sido utilizados en forma impresa o hayan sido copiados por un tercero ajeno a partir de una versi\u00f3n en l\u00ednea anterior mi negativa o revocaci\u00f3n no tendr\u00e1 efecto retroactivo. A tal fin, Doctor podr\u00e1 ponerse en contacto con<\/p>\n\n\n\n<p><strong>ClearCorrect<\/strong><\/p>\n\n\n\n<p>ATTN: Privacidad\/Galer\u00eda de casos<br>21 Cypress Blvd., Ste. 1010,<br>Round Rock, TX 78665<\/p>\n\n\n\n<p><a href=\"mailto:privacy@clearcorrect.com\">privacy@clearcorrect.com<\/a><\/p>\n\n\n\n<h3 class=\"wp-block-heading\">PROPIEDAD INTELECTUAL<\/h3>\n\n\n\n<p>6. Sujeto a la aceptaci\u00f3n por parte de ClearCorrect de los Env\u00edos del Doctor, toda la documentaci\u00f3n y materiales que se incluyan en los Env\u00edos, y todos los derechos de propiedad intelectual relacionados con o que cubran dicha documentaci\u00f3n y materiales, ser\u00e1n propiedad exclusiva de ClearCorrect, salvo que la ley aplicable no permita la cesi\u00f3n a ClearCorrect de los Env\u00edos del Doctor. Por la presente, el Doctor concede una licencia sin l\u00edmite de tiempo o jurisdicci\u00f3n, y sin derecho a rescindir, el derecho no exclusivo a realizar copias y utilizar para cualquier fin los Env\u00edos del Doctor, incluido el derecho a conceder sublicencias y compartir la informaci\u00f3n con terceros, por ejemplo, agencias de publicidad, socios de marketing, etc.<\/p>\n\n\n\n<p>7. Doctor en nombre de doctor y cada uno de sus sucesores, cesionarios, herederos, beneficiarios, y todos los dem\u00e1s que reclaman por, bajo, o a trav\u00e9s de doctor, por la presente cede irrevocablemente a ClearCorrect en la m\u00e1xima medida permitida por la ley todos los derechos que subsisten en los env\u00edos, incluyendo cualquier derecho de autor o derechos morales. Por la presente, el Doctor libera o renuncia a cualquier derecho moral existente en los env\u00edos en la m\u00e1xima medida permitida por la ley.<\/p>\n\n\n\n<p>Adem\u00e1s, el m\u00e9dico reconoce y acepta que tras la creaci\u00f3n de la galer\u00eda de tratamiento por ClearCorrect, o el programa de galer\u00eda de casos global titulado en ese momento, u otro programa de educaci\u00f3n profesional, ClearCorrect poseer\u00e1 todos los derechos, t\u00edtulos e intereses sobre los derechos de autor y todos los derechos morales en dicha galer\u00eda o programa.<\/p>\n\n\n\n<p>8. ClearCorrect no tendr\u00e1 obligaci\u00f3n alguna de utilizar o explotar los Env\u00edos aceptados.<\/p>\n\n\n\n<h3 class=\"wp-block-heading\">VARIOS<\/h3>\n\n\n\n<p>El presente Acuerdo, su objeto y su formaci\u00f3n (y cualquier disputa o reclamaci\u00f3n no contractual) se rigen por el Estado de Texas. Las partes aceptan irrevocablemente la jurisdicci\u00f3n exclusiva de los tribunales del Condado de Williamson, Estado de Texas.<\/p>\n\n\n\n<style>\n#post-1318 ul {\n    list-style: disc;\nmargin-left: 20px;\nfont-family: 'TheSans LP7 Plain', sans-serif !important;\n}\n#post-1318 li {margin-bottom:10px}\n h3 {\n    color: #00B9BE;\n}\np {font-family: 'TheSans LP7 Plain', sans-serif !important;}\ndl, ol, ul {\n    margin-top: 0;\n    margin-bottom: 1rem;\n    list-style: none;\n    font-family: 'TheSans LP7 Plain';\n}\n\n<\/style>","protected":false},"excerpt":{"rendered":"<p>Acuerdo de consentimiento del m\u00e9dico Yo, el cl\u00ednico abajo firmante, certificado en el pa\u00eds indicado en mi registro (en adelante, \"M\u00e9dico\"), tras haber le\u00eddo y comprendido el contenido que figura a continuaci\u00f3n, acepto y consiento lo siguiente: ENV\u00cdOS 1. El Doctor env\u00eda a ClearCorrect, (\"ClearCorrect\"): a. Los n\u00fameros de registro de los pacientes, que ClearCorrect s\u00f3lo utilizar\u00e1 a efectos de verificaci\u00f3n del pago y posteriormente [...].<\/p>","protected":false},"author":1,"featured_media":0,"parent":0,"menu_order":0,"comment_status":"closed","ping_status":"closed","template":"","meta":{"_acf_changed":false,"footnotes":""},"class_list":["post-2211","page","type-page","status-publish","hentry"],"acf":[],"yoast_head":"<!-- This site is optimized with the Yoast SEO plugin v26.2 - https:\/\/yoast.com\/wordpress\/plugins\/seo\/ -->\n<title>Case Gallery - ClearCorrect<\/title>\n<meta name=\"description\" content=\"Case Gallery - ClearCorrect\" \/>\n<meta name=\"robots\" content=\"index, follow, max-snippet:-1, max-image-preview:large, max-video-preview:-1\" \/>\n<link rel=\"canonical\" href=\"https:\/\/results.clearcorrect.com\/es\/doctor-consent-agreement\/\" \/>\n<meta property=\"og:locale\" content=\"es_ES\" \/>\n<meta property=\"og:type\" content=\"article\" \/>\n<meta property=\"og:title\" content=\"Case Gallery - ClearCorrect\" \/>\n<meta property=\"og:description\" content=\"Case Gallery - ClearCorrect\" \/>\n<meta property=\"og:url\" content=\"https:\/\/results.clearcorrect.com\/es\/doctor-consent-agreement\/\" \/>\n<meta property=\"og:site_name\" content=\"Case Gallery - ClearCorrect\" \/>\n<meta property=\"article:modified_time\" content=\"2024-10-03T18:22:07+00:00\" \/>\n<meta property=\"og:image\" content=\"https:\/\/results.clearcorrect.com\/wp-content\/uploads\/2021\/12\/5490.png\" \/>\n\t<meta property=\"og:image:width\" content=\"1\" \/>\n\t<meta property=\"og:image:height\" content=\"1\" \/>\n\t<meta property=\"og:image:type\" content=\"image\/png\" \/>\n<meta name=\"twitter:card\" content=\"summary_large_image\" \/>\n<meta name=\"twitter:label1\" content=\"Tiempo de lectura\" \/>\n\t<meta name=\"twitter:data1\" content=\"5 minutos\" \/>\n<!-- \/ Yoast SEO plugin. -->","yoast_head_json":{"title":"Galer\u00eda de casos - ClearCorrect","description":"Galer\u00eda de casos - ClearCorrect","robots":{"index":"index","follow":"follow","max-snippet":"max-snippet:-1","max-image-preview":"max-image-preview:large","max-video-preview":"max-video-preview:-1"},"canonical":"https:\/\/results.clearcorrect.com\/es\/doctor-consent-agreement\/","og_locale":"es_ES","og_type":"article","og_title":"Case Gallery - ClearCorrect","og_description":"Case Gallery - ClearCorrect","og_url":"https:\/\/results.clearcorrect.com\/es\/doctor-consent-agreement\/","og_site_name":"Case Gallery - ClearCorrect","article_modified_time":"2024-10-03T18:22:07+00:00","og_image":[{"url":"https:\/\/results.clearcorrect.com\/wp-content\/uploads\/2021\/12\/5490.png","width":1,"height":1,"type":"image\/png"}],"twitter_card":"summary_large_image","twitter_misc":{"Tiempo de lectura":"5 minutos"},"schema":{"@context":"https:\/\/schema.org","@graph":[{"@type":"WebPage","@id":"https:\/\/results.clearcorrect.com\/doctor-consent-agreement\/","url":"https:\/\/results.clearcorrect.com\/doctor-consent-agreement\/","name":"Galer\u00eda de casos - ClearCorrect","isPartOf":{"@id":"https:\/\/results.clearcorrect.com\/#website"},"datePublished":"2021-03-29T16:41:28+00:00","dateModified":"2024-10-03T18:22:07+00:00","description":"Galer\u00eda de casos - ClearCorrect","breadcrumb":{"@id":"https:\/\/results.clearcorrect.com\/doctor-consent-agreement\/#breadcrumb"},"inLanguage":"es","potentialAction":[{"@type":"ReadAction","target":["https:\/\/results.clearcorrect.com\/doctor-consent-agreement\/"]}]},{"@type":"BreadcrumbList","@id":"https:\/\/results.clearcorrect.com\/doctor-consent-agreement\/#breadcrumb","itemListElement":[{"@type":"ListItem","position":1,"name":"Home","item":"https:\/\/results.clearcorrect.com\/"},{"@type":"ListItem","position":2,"name":"Doctor Consent Agreement"}]},{"@type":"WebSite","@id":"https:\/\/results.clearcorrect.com\/#website","url":"https:\/\/results.clearcorrect.com\/","name":"Galer\u00eda de casos - ClearCorrect","description":"Galer\u00eda de casos - ClearCorrect","publisher":{"@id":"https:\/\/results.clearcorrect.com\/#organization"},"potentialAction":[{"@type":"SearchAction","target":{"@type":"EntryPoint","urlTemplate":"https:\/\/results.clearcorrect.com\/?s={search_term_string}"},"query-input":{"@type":"PropertyValueSpecification","valueRequired":true,"valueName":"search_term_string"}}],"inLanguage":"es"},{"@type":"Organization","@id":"https:\/\/results.clearcorrect.com\/#organization","name":"Galer\u00eda de casos - ClearCorrect","url":"https:\/\/results.clearcorrect.com\/","logo":{"@type":"ImageObject","inLanguage":"es","@id":"https:\/\/results.clearcorrect.com\/#\/schema\/logo\/image\/","url":"https:\/\/clearcorrect.wpengine.com\/wp-content\/uploads\/2021\/02\/emaillogo@2x.png","contentUrl":"https:\/\/clearcorrect.wpengine.com\/wp-content\/uploads\/2021\/02\/emaillogo@2x.png","width":288,"height":48,"caption":"Case Gallery - ClearCorrect"},"image":{"@id":"https:\/\/results.clearcorrect.com\/#\/schema\/logo\/image\/"}}]}},"featured_image_src":null,"featured_image_src_square":null,"_links":{"self":[{"href":"https:\/\/results.clearcorrect.com\/es\/wp-json\/wp\/v2\/pages\/2211","targetHints":{"allow":["GET"]}}],"collection":[{"href":"https:\/\/results.clearcorrect.com\/es\/wp-json\/wp\/v2\/pages"}],"about":[{"href":"https:\/\/results.clearcorrect.com\/es\/wp-json\/wp\/v2\/types\/page"}],"author":[{"embeddable":true,"href":"https:\/\/results.clearcorrect.com\/es\/wp-json\/wp\/v2\/users\/1"}],"replies":[{"embeddable":true,"href":"https:\/\/results.clearcorrect.com\/es\/wp-json\/wp\/v2\/comments?post=2211"}],"version-history":[{"count":0,"href":"https:\/\/results.clearcorrect.com\/es\/wp-json\/wp\/v2\/pages\/2211\/revisions"}],"wp:attachment":[{"href":"https:\/\/results.clearcorrect.com\/es\/wp-json\/wp\/v2\/media?parent=2211"}],"curies":[{"name":"wp","href":"https:\/\/api.w.org\/{rel}","templated":true}]}}