{"id":1318,"date":"2021-03-01T22:49:55","date_gmt":"2021-03-01T22:49:55","guid":{"rendered":"http:\/\/ottawascoop.com\/clearcorrect\/?page_id=1318"},"modified":"2024-10-03T18:23:10","modified_gmt":"2024-10-03T18:23:10","slug":"terms","status":"publish","type":"page","link":"https:\/\/results.clearcorrect.com\/es\/terms\/","title":{"rendered":"Condiciones generales"},"content":{"rendered":"<div style=\"height:100px\" aria-hidden=\"true\" class=\"wp-block-spacer\"><\/div>\n\n\n\n<h2 class=\"wp-block-heading\">Condiciones generales<\/h2>\n\n\n\n<div style=\"height:30px\" aria-hidden=\"true\" class=\"wp-block-spacer\"><\/div>\n\n\n\n<p>Los siguientes t\u00e9rminos y condiciones constituyen un contrato vinculante entre Usted y ClearCorrect Operating, LLC, una empresa con domicilio social en 21 Cypress Blvd., Suite 1010, Round Rock, TX 78665 o JJGC IND\u00daSTRIA E COM\u00c9RCIO DE MATERIAIS DENT\u00c1RIOS S.A., Av. Juscelino Kubitschek de Oliveira, 3291 - Cidade Industrial De Curitiba, Curitiba - PR, 81260-000, Brasil (para los pa\u00edses de Am\u00e9rica Latina). Al acceder, utilizar, descargar o cargar cualquier informaci\u00f3n y\/o materiales desde o hacia el sitio web, usted acepta seguir y estar obligado por estos t\u00e9rminos y condiciones (los \"T\u00e9rminos de Uso\"). Si no est\u00e1 de acuerdo con estas Condiciones de uso, no podr\u00e1 utilizar este sitio web. Este sitio web puede contener otros avisos de propiedad e informaci\u00f3n sobre derechos de autor, cuyos t\u00e9rminos deben ser observados y seguidos. El objetivo de la Galer\u00eda de casos de Global Ortho es proporcionarle a usted, a sus colegas y a sus pacientes ejemplos de casos que han sido tratados con cualquiera de los productos destacados de la marca ClearCorrect. Si tiene alguna pregunta sobre este contrato o la Galer\u00eda Global de Casos, p\u00f3ngase en contacto con nosotros en <a href=\"mailto:support@clearcorrect.com\">support@clearcorrect.com.<\/a><\/p>\n\n\n\n<h3 class=\"wp-block-heading\">1. DESCARGO DE RESPONSABILIDAD M\u00c9DICA<\/h3>\n\n\n\n<p>Toda la informaci\u00f3n contenida en este sitio web, incluida la relativa a las afecciones ortod\u00f3ncicas, dentales, m\u00e9dicas y de salud, as\u00ed como a los productos y tratamientos, tiene \u00fanicamente fines informativos. Esta informaci\u00f3n no debe considerarse completa y no debe utilizarse en lugar de la visita, llamada, consulta o consejo de un ortodoncista, dentista o profesional m\u00e9dico, ni de la informaci\u00f3n contenida en los envases o etiquetas de los productos. La informaci\u00f3n obtenida mediante el uso de la p\u00e1gina web no es exhaustiva y no cubre todos los procedimientos o tratamientos ortod\u00f3ncicos o dentales. La informaci\u00f3n contenida en este sitio web y cualquier enlace a otros sitios tiene \u00fanicamente fines informativos y no pretende proporcionar asesoramiento m\u00e9dico para ninguna afecci\u00f3n m\u00e9dica espec\u00edfica que usted pueda tener. Esta p\u00e1gina web no crea una relaci\u00f3n m\u00e9dico\/paciente.<\/p>\n\n\n\n<h3 class=\"wp-block-heading\">2. USO DEL CONTENIDO DEL SITIO WEB<\/h3>\n\n\n\n<p>Al visitar y utilizar el sitio web, usted nos declara que es mayor de edad. Adem\u00e1s, al visitar y utilizar el sitio web, usted nos declara que, si es menor de edad en su estado (es decir, si es menor de edad), tiene el consentimiento de uno de sus padres o de su tutor legal para hacerlo, y que su padre o tutor legal ha le\u00eddo y aceptado estas Condiciones de uso. SI NO ES MAYOR DE EDAD, NO UTILICE EL SITIO WEB. SI ES MENOR DE EDAD EN SU ESTADO (ES DECIR, SI ES MENOR DE EDAD), NO UTILICE EL SITIO WEB SIN EL CONSENTIMIENTO DE UNO DE SUS PADRES O DE SU TUTOR LEGAL.<\/p>\n\n\n\n<p>Con sujeci\u00f3n a las presentes condiciones de uso, le concedemos una licencia limitada, personal, revocable, no exclusiva e intransferible para utilizar la p\u00e1gina web para su uso personal y no para su reventa o distribuci\u00f3n posterior. Usted se compromete a no reproducir, duplicar, copiar, vender, revender o explotar con fines comerciales el uso de la p\u00e1gina web, el acceso a la misma o cualquiera de los contenidos accesibles a trav\u00e9s de ella. Usted se compromete a no copiar ni publicar en ning\u00fan ordenador conectado a la red, difundir en ning\u00fan medio de comunicaci\u00f3n, ni utilizar, modificar, distribuir, publicar, transmitir o crear obras derivadas de ning\u00fan material que se encuentre en nuestra p\u00e1gina web para ning\u00fan fin p\u00fablico o comercial. No se le permite modificar en modo alguno ning\u00fan material de este sitio web.<\/p>\n\n\n\n<p>Salvo lo dispuesto expresamente anteriormente, nada de lo contenido en este sitio web se interpretar\u00e1 como una concesi\u00f3n por implicaci\u00f3n, impedimento, o de otro modo cualquier licencia o derecho bajo cualquier derecho de autor, patente, marca registrada u otro derecho de propiedad intelectual de ClearCorrect o de terceros.<\/p>\n\n\n\n<h3 class=\"wp-block-heading\">3. CONDUCTA DEL USUARIO<\/h3>\n\n\n\n<p>Usted se compromete a no utilizar el sitio web para:<\/p>\n\n\n\n<ul class=\"wp-block-list\">\n<li>Publicar o transmitir cualquier material que no est\u00e9 relacionado con el tema del sitio web;<\/li>\n\n\n\n<li>Violar o solicitar la violaci\u00f3n de cualquier ley o reglamento local, estatal, nacional o internacional aplicable;<\/li>\n\n\n\n<li>Violar los derechos de terceros, incluidos, entre otros, los derechos de propiedad intelectual, los derechos contractuales y los derechos de privacidad o publicidad;<\/li>\n\n\n\n<li>Interferir o perturbar el sitio web, los servidores inform\u00e1ticos o los tableros accesibles a trav\u00e9s del sitio web; =<\/li>\n\n\n\n<li>Buscar intencionadamente informaci\u00f3n sobre, obtener copias de o modificar archivos u otros datos o contrase\u00f1as pertenecientes a otros usuarios sin permiso; o recopilar nombres de usuario, direcciones de correo electr\u00f3nico u otra informaci\u00f3n personal para cualquier fin;<\/li>\n\n\n\n<li>Hacerse pasar por cualquier persona, o declarar falsamente o tergiversar de cualquier otro modo su afiliaci\u00f3n con una persona o entidad;<\/li>\n\n\n\n<li>Difamar, abusar, acosar, acechar, amenazar o violar de cualquier otro modo los derechos legales (como los derechos de privacidad y publicidad) de otras personas; utilizar un lenguaje ofensivo desde el punto de vista racial, \u00e9tnico o de cualquier otro tipo o discutir o incitar a actividades ilegales; o utilizar un lenguaje expl\u00edcito\/obsceno o solicitar\/publicar im\u00e1genes sexualmente expl\u00edcitas (reales o simuladas);<\/li>\n\n\n\n<li>Promover informaci\u00f3n que usted sepa que es falsa o enga\u00f1osa o que promueva o facilite actividades ilegales, pirater\u00eda o conductas abusivas, amenazadoras, obscenas, difamatorias o calumniosas;<\/li>\n\n\n\n<li>Participar o facilitar la transmisi\u00f3n de correo masivo no solicitado o spamming.<\/li>\n<\/ul>\n\n\n\n<p>Si utiliza el sitio web para cometer alguna de las infracciones anteriores, ClearCorrect podr\u00e1, a su entera discreci\u00f3n, cancelar su capacidad para utilizar el sitio web y emprender acciones legales contra usted en la m\u00e1xima medida permitida por la ley.<\/p>\n\n\n\n<h3 class=\"wp-block-heading\">4. RETROALIMENTACI\u00d3N Y ENV\u00cdO DE CONTENIDOS<\/h3>\n\n\n\n<p>Cualquier comentario, retroalimentaci\u00f3n, informaci\u00f3n, sugerencia, env\u00edo o material que usted env\u00ede a trav\u00e9s o en relaci\u00f3n con este sitio web (un \"Env\u00edo\") ser\u00e1 considerado no confidencial por ClearCorrect. Usted reconoce que es responsable de las Presentaciones que proporcione, y que usted, y no ClearCorrect, tiene la plena responsabilidad de las Presentaciones, incluida su legalidad. Al realizar un Env\u00edo, usted acepta que tiene derecho a hacerlo libre de cualquier reclamaci\u00f3n por parte de terceros y acepta ser el \u00fanico responsable de cualquier reclamaci\u00f3n relacionada con dicho Env\u00edo. Un usuario no har\u00e1 una Presentaci\u00f3n a menos que \u00e9l\/ella (y su padre o tutor legal seg\u00fan corresponda) acepte otorgar a ClearCorrect un derecho y licencia mundial, exclusiva, perpetua, irrevocable, libre de regal\u00edas, incondicional y totalmente pagada: (a) para hacer, mandar hacer, usar, copiar, reproducir, modificar y crear trabajos derivados de cualquier Env\u00edo, y un derecho no exclusivo para usar el nombre y la imagen de cualquier persona mencionada o incluida en dicho Env\u00edo en relaci\u00f3n con cualquier uso del Env\u00edo y en relaci\u00f3n con cualquier trabajo derivado que pueda ser creado a partir del Env\u00edo en cualquier medio, promoci\u00f3n, marketing, educaci\u00f3n, software o tecnolog\u00eda de cualquier tipo existente ahora o desarrollada en el futuro, incluyendo la publicidad del mismo; (b) ejecutar o mostrar p\u00fablicamente, importar, emitir, transmitir, distribuir (directa e indirectamente a trav\u00e9s de m\u00faltiples niveles), conceder licencias, ofrecer en venta y vender, alquilar, arrendar o prestar copias del Env\u00edo y de las obras derivadas del mismo; y (c) sublicenciar a terceros los derechos anteriores, incluido el derecho a sublicenciar a otros terceros, todo ello sin esperar compensaci\u00f3n alguna, salvo el derecho a acceder y utilizar el sitio web de conformidad con las presentes Condiciones de uso.<\/p>\n\n\n\n<h3 class=\"wp-block-heading\">5. MODIFICACI\u00d3N Y TERMINACI\u00d3N DEL SITIO WEB<\/h3>\n\n\n\n<p>ClearCorrect se reserva el derecho en cualquier momento y de vez en cuando de modificar o interrumpir, temporal o permanentemente, el sitio web (o cualquier parte del mismo) con o sin previo aviso. Usted acepta que ClearCorrect no ser\u00e1 responsable ante usted ni ante terceros por cualquier modificaci\u00f3n, suspensi\u00f3n o interrupci\u00f3n del sitio web. ClearCorrect tambi\u00e9n puede hacer mejoras y \/ o cambios en los productos, servicios y \/ o los programas descritos en este sitio web en cualquier momento sin previo aviso. Sin embargo, ClearCorrect se exime de cualquier responsabilidad de actualizar, mejorar o cambiar este sitio web.<\/p>\n\n\n\n<h3 class=\"wp-block-heading\">6. OTROS SITIOS WEB Y RECURSOS<\/h3>\n\n\n\n<p>Los terceros que utilizan el sitio web pueden proporcionar enlaces o acceso a otros sitios web y recursos. Debido a que ClearCorrect no tiene control sobre dichos sitios y recursos, usted reconoce y acepta que ClearCorrect no es responsable de la disponibilidad de dichos sitios o recursos y no respalda ni es responsable de ning\u00fan contenido, publicidad, productos u otros materiales en o disponibles en dichos sitios o recursos. Adem\u00e1s, usted reconoce y acepta que ClearCorrect no ser\u00e1 responsable, directa o indirectamente, por cualquier da\u00f1o o p\u00e9rdida causada o supuestamente causada por o en conexi\u00f3n con el uso o la confianza en cualquier contenido, bienes o sitios web disponibles en o a trav\u00e9s de cualquier sitio o recurso.<\/p>\n\n\n\n<h3 class=\"wp-block-heading\">7. PRIVACIDAD<\/h3>\n\n\n\n<p>Podemos recopilar informaci\u00f3n de registro y de otro tipo sobre usted a trav\u00e9s del sitio web. Nuestra recopilaci\u00f3n y uso de esta informaci\u00f3n se rige por nuestro Aviso de privacidad disponible. El Aviso de Privacidad tambi\u00e9n explica c\u00f3mo se utiliza su informaci\u00f3n y qui\u00e9n tiene acceso a ella. Como se explica en el Aviso de privacidad, puede ponerse en contacto con ClearCorrect en <a href=\"mailto:privacy@clearcorrect.com\">privacy@clearcorrect.com <\/a>solicitar la eliminaci\u00f3n de sus datos, con sujeci\u00f3n a los t\u00e9rminos y condiciones.<\/p>\n\n\n\n<h3 class=\"wp-block-heading\">8.   EXCLUSI\u00d3N DE GARANT\u00cdAS<\/h3>\n\n\n\n<p>El uso que usted haga del sitio web y del contenido del sitio web es por su cuenta y riesgo. El sitio web y el contenido del sitio web se proporcionan \"tal cual\" y \"seg\u00fan disponibilidad\" y \u00fanicamente con fines informativos. ClearCorrect rechaza expresamente todas las garant\u00edas de cualquier tipo, ya sean expresas o impl\u00edcitas, incluidas, entre otras, las garant\u00edas impl\u00edcitas de comerciabilidad, idoneidad para un fin determinado, titularidad y no infracci\u00f3n. No garantizamos la exactitud, integridad o utilidad del sitio web y del contenido del sitio web, y usted conf\u00eda en el sitio web y en el contenido del sitio web por su cuenta y riesgo. Cualquier material obtenido a trav\u00e9s de la p\u00e1gina web se hace bajo su propia discreci\u00f3n y riesgo, y usted ser\u00e1 el \u00fanico responsable de cualquier da\u00f1o a su ordenador o p\u00e9rdida de datos que resulte del uso, descarga o acceso a cualquier material a trav\u00e9s de la p\u00e1gina web. Ning\u00fan consejo o informaci\u00f3n, ya sea oral o escrita, obtenida por usted de ClearCorrect o a trav\u00e9s o desde el sitio web crear\u00e1 ninguna garant\u00eda que no est\u00e9 expresamente indicada en estos t\u00e9rminos. Algunos estados pueden prohibir una renuncia de garant\u00edas, y usted puede tener otros derechos que var\u00edan de un estado a otro.<\/p>\n\n\n\n<h3 class=\"wp-block-heading\">9. LIMITACI\u00d3N DE RESPONSABILIDAD<\/h3>\n\n\n\n<p>ClearCorrect y cualquier otra parte involucrada en la creaci\u00f3n, producci\u00f3n o distribuci\u00f3n del sitio web, y sus funcionarios, directores, subsidiarias, empleados, afiliados, agentes, socio, sucesores y cesionarios (las partes liberadas) no ser\u00e1n responsables de ning\u00fan da\u00f1o directo, indirecto, incidental, especial, consecuente o ejemplar, incluyendo pero no limitado a da\u00f1os por p\u00e9rdida de beneficios, buena voluntad, uso, datos u otras p\u00e9rdidas intangibles (incluso si ClearCorrect ha sido advertido de la posibilidad de estos da\u00f1os) resultantes de su uso del sitio web y el contenido del sitio web. Bajo ninguna circunstancia la responsabilidad total de las partes liberadas de todo tipo que surja de o est\u00e9 relacionada con su uso del sitio web y el contenido del sitio web (incluyendo pero no limitado a reclamaciones de garant\u00eda), independientemente de agravio o de otro tipo, exceder\u00e1 la suma de cien d\u00f3lares ($100). Debido a que algunos estados no permiten la exclusi\u00f3n o limitaci\u00f3n de responsabilidad por da\u00f1os consecuenciales o incidentales, la limitaci\u00f3n anterior puede no aplicarse a usted, o se aplicar\u00e1 s\u00f3lo en la medida permitida por la ley aplicable.<\/p>\n\n\n\n<h3 class=\"wp-block-heading\">10. INFRACCI\u00d3N DE DERECHOS DE AUTOR\/PROPIEDAD INTELECTUAL<\/h3>\n\n\n\n<p>ClearCorrect respeta los derechos de propiedad intelectual de terceros y exige que usted haga lo mismo. Es pol\u00edtica de ClearCorrect poner fin a los privilegios de acceso de aquellos que infrinjan repetidamente los derechos de autor o de propiedad intelectual de otros. Si cree que su trabajo ha sido publicado en el sitio web de forma que constituya una infracci\u00f3n de los derechos de autor u otros derechos de propiedad intelectual, p\u00f3ngase en contacto con ClearCorrect en la direcci\u00f3n indicada a continuaci\u00f3n y facilite la siguiente informaci\u00f3n: (1) una firma electr\u00f3nica o f\u00edsica de la persona autorizada para actuar en nombre del propietario de los derechos de autor o de los intereses de propiedad intelectual; (2) una descripci\u00f3n de la obra que usted afirma que ha sido infringida, y la identificaci\u00f3n de la URL u otra ubicaci\u00f3n espec\u00edfica en el sitio web donde se encuentra el material que usted afirma que ha sido infringido; (3) su direcci\u00f3n, n\u00famero de tel\u00e9fono y direcci\u00f3n de correo electr\u00f3nico; (4) una declaraci\u00f3n suya de que cree de buena fe que el uso en cuesti\u00f3n no est\u00e1 autorizado por el propietario, su agente o la ley; y (5) una declaraci\u00f3n suya, bajo pena de perjurio, de que la informaci\u00f3n anterior de su notificaci\u00f3n es exacta y de que usted es el propietario o est\u00e1 autorizado para actuar en nombre del propietario.<\/p>\n\n\n\n<p><strong>ClearCorrect<\/strong><br>Atenci\u00f3n Agente de derechos de autor<br>Correo electr\u00f3nico: support@clearcorrect.com<br>Direcci\u00f3n postal:<br>21 Cypress Blvd., Suite 1010<br>Round Rock, Texas 78665<\/p>\n\n\n\n<h3 class=\"wp-block-heading\">11. INDEMNIDAD<\/h3>\n\n\n\n<p>Usted acepta indemnizar y mantener indemne a ClearCorrect, de cualquier costo, da\u00f1o, gasto y responsabilidad, incluyendo honorarios razonables de abogados, que surjan de o est\u00e9n relacionados con su uso del sitio web o el contenido del sitio web, su violaci\u00f3n de estas Condiciones de Uso, o su violaci\u00f3n de cualquier derecho de otra persona o entidad.<\/p>\n\n\n\n<h3 class=\"wp-block-heading\">12. AVISOS<\/h3>\n\n\n\n<p>Los avisos a usted pueden hacerse por correo electr\u00f3nico. ClearCorrect tambi\u00e9n puede proporcionar avisos de cambios en estas Condiciones de uso o en el sitio web mostrando avisos o enlaces a avisos para usted en general en el sitio web.<\/p>\n\n\n\n<h3 class=\"wp-block-heading\">13. CONTROVERSIAS JUR\u00cdDICAS<\/h3>\n\n\n\n<p>Estas Condiciones de uso y su relaci\u00f3n con ClearCorrect se regir\u00e1n por las leyes del Estado de Texas, EE.UU. sin tener en cuenta su conflicto de disposiciones legales. Usted y ClearCorrect aceptan someterse a la jurisdicci\u00f3n personal y exclusiva de los tribunales ubicados dentro del Condado de Williamson, Estado de Texas para la resoluci\u00f3n de cualquier disputa relacionada con estas Condiciones de Uso.<\/p>\n\n\n\n<h3 class=\"wp-block-heading\">14. MODIFICACI\u00d3N DEL ACUERDO<\/h3>\n\n\n\n<p>Podemos modificar estas condiciones de uso en cualquier momento mediante la publicaci\u00f3n de los t\u00e9rminos modificados en el sitio web y usted es responsable de revisar peri\u00f3dicamente estas condiciones de uso. Todas las modificaciones entrar\u00e1n en vigor autom\u00e1ticamente 30 d\u00edas despu\u00e9s de su publicaci\u00f3n inicial en el sitio web. Su uso del sitio web tras la fecha de entrada en vigor de cualquier modificaci\u00f3n constituir\u00e1 su aceptaci\u00f3n vinculante de dichas modificaciones.<\/p>\n\n\n\n<h3 class=\"wp-block-heading\">15. GENERAL<\/h3>\n\n\n\n<p>Estas Condiciones de Uso constituyen el acuerdo completo entre usted y ClearCorrect con respecto al sitio web y sustituyen todos los acuerdos y entendimientos anteriores entre usted y ClearCorrect. El hecho de que ClearCorrect no haga cumplir cualquier disposici\u00f3n de estas Condiciones de Uso no se interpretar\u00e1 como una renuncia a cualquier disposici\u00f3n o derecho. En el caso de que una parte de estas Condiciones de uso se considere inaplicable, la parte inaplicable se interpretar\u00e1 de conformidad con la legislaci\u00f3n aplicable lo m\u00e1s cerca posible de reflejar las intenciones originales de las partes, y el resto de las disposiciones permanecer\u00e1n en pleno vigor y efecto. Las secciones 1, 2, 3, 4, 6, 8, 9, 10, 11, 13 y 15 de estas Condiciones de uso seguir\u00e1n vigentes tras la rescisi\u00f3n de las mismas.<\/p>\n\n\n\n<p>Si reside en California, puede solicitar que se le env\u00ede una copia de las mismas por correo electr\u00f3nico enviando una carta con su direcci\u00f3n de correo electr\u00f3nico y una solicitud por escrito de las Condiciones de uso por correo electr\u00f3nico a ClearCorrect, 21 Cypress Blvd. Suite 1010, Round Rock, Texas 78665, Attn: Global Case Gallery, o por correo electr\u00f3nico a <a href=\"mailto:privacy@clearcorrect.com\">privacy@clearcorrect.com.<\/a><\/p>\n\n\n\n<style>\n#post-1318 ul {\n    list-style: disc;\nmargin-left: 20px;\nfont-family: 'TheSans LP7 Plain', sans-serif !important;\n}\n#post-1318 li {margin-bottom:10px}\n h3 {\n    color: #00B9BE;\n}\np {font-family: 'TheSans LP7 Plain', sans-serif !important;}\n\n<\/style>","protected":false},"excerpt":{"rendered":"<p>T\u00e9rminos y Condiciones Los siguientes t\u00e9rminos y condiciones constituyen un contrato vinculante entre Usted y ClearCorrect Operating, LLC, una empresa con domicilio social en 21 Cypress Blvd., Suite 1010, Round Rock, TX 78665 o JJGC IND\u00daSTRIA E COM\u00c9RCIO DE MATERIAIS DENT\u00c1RIOS S.A., Av. Juscelino Kubitschek de Oliveira, 3291 - Cidade Industrial De [...]<\/p>","protected":false},"author":1,"featured_media":0,"parent":0,"menu_order":0,"comment_status":"closed","ping_status":"closed","template":"","meta":{"_acf_changed":false,"footnotes":""},"class_list":["post-1318","page","type-page","status-publish","hentry"],"acf":[],"yoast_head":"<!-- This site is optimized with the Yoast SEO plugin v26.2 - https:\/\/yoast.com\/wordpress\/plugins\/seo\/ -->\n<title>Case Gallery - ClearCorrect<\/title>\n<meta name=\"description\" content=\"Case Gallery - ClearCorrect\" \/>\n<meta name=\"robots\" content=\"index, follow, max-snippet:-1, max-image-preview:large, max-video-preview:-1\" \/>\n<link rel=\"canonical\" href=\"https:\/\/results.clearcorrect.com\/es\/terms\/\" \/>\n<meta property=\"og:locale\" content=\"es_ES\" \/>\n<meta property=\"og:type\" content=\"article\" \/>\n<meta property=\"og:title\" content=\"Case Gallery - ClearCorrect\" \/>\n<meta property=\"og:description\" content=\"Case Gallery - ClearCorrect\" \/>\n<meta property=\"og:url\" content=\"https:\/\/results.clearcorrect.com\/es\/terms\/\" \/>\n<meta property=\"og:site_name\" content=\"Case Gallery - ClearCorrect\" \/>\n<meta property=\"article:modified_time\" content=\"2024-10-03T18:23:10+00:00\" \/>\n<meta property=\"og:image\" content=\"https:\/\/results.clearcorrect.com\/wp-content\/uploads\/2021\/12\/5490.png\" \/>\n\t<meta property=\"og:image:width\" content=\"1\" \/>\n\t<meta property=\"og:image:height\" content=\"1\" \/>\n\t<meta property=\"og:image:type\" content=\"image\/png\" \/>\n<meta name=\"twitter:card\" content=\"summary_large_image\" \/>\n<meta name=\"twitter:label1\" content=\"Tiempo de lectura\" \/>\n\t<meta name=\"twitter:data1\" content=\"11 minutos\" \/>\n<!-- \/ Yoast SEO plugin. -->","yoast_head_json":{"title":"Galer\u00eda de casos - ClearCorrect","description":"Galer\u00eda de casos - ClearCorrect","robots":{"index":"index","follow":"follow","max-snippet":"max-snippet:-1","max-image-preview":"max-image-preview:large","max-video-preview":"max-video-preview:-1"},"canonical":"https:\/\/results.clearcorrect.com\/es\/terms\/","og_locale":"es_ES","og_type":"article","og_title":"Case Gallery - ClearCorrect","og_description":"Case Gallery - ClearCorrect","og_url":"https:\/\/results.clearcorrect.com\/es\/terms\/","og_site_name":"Case Gallery - ClearCorrect","article_modified_time":"2024-10-03T18:23:10+00:00","og_image":[{"url":"https:\/\/results.clearcorrect.com\/wp-content\/uploads\/2021\/12\/5490.png","width":1,"height":1,"type":"image\/png"}],"twitter_card":"summary_large_image","twitter_misc":{"Tiempo de lectura":"11 minutos"},"schema":{"@context":"https:\/\/schema.org","@graph":[{"@type":"WebPage","@id":"https:\/\/results.clearcorrect.com\/terms\/","url":"https:\/\/results.clearcorrect.com\/terms\/","name":"Galer\u00eda de casos - ClearCorrect","isPartOf":{"@id":"https:\/\/results.clearcorrect.com\/#website"},"datePublished":"2021-03-01T22:49:55+00:00","dateModified":"2024-10-03T18:23:10+00:00","description":"Galer\u00eda de casos - ClearCorrect","breadcrumb":{"@id":"https:\/\/results.clearcorrect.com\/terms\/#breadcrumb"},"inLanguage":"es","potentialAction":[{"@type":"ReadAction","target":["https:\/\/results.clearcorrect.com\/terms\/"]}]},{"@type":"BreadcrumbList","@id":"https:\/\/results.clearcorrect.com\/terms\/#breadcrumb","itemListElement":[{"@type":"ListItem","position":1,"name":"Home","item":"https:\/\/results.clearcorrect.com\/"},{"@type":"ListItem","position":2,"name":"Terms &#038; Conditions"}]},{"@type":"WebSite","@id":"https:\/\/results.clearcorrect.com\/#website","url":"https:\/\/results.clearcorrect.com\/","name":"Galer\u00eda de casos - ClearCorrect","description":"Galer\u00eda de casos - ClearCorrect","publisher":{"@id":"https:\/\/results.clearcorrect.com\/#organization"},"potentialAction":[{"@type":"SearchAction","target":{"@type":"EntryPoint","urlTemplate":"https:\/\/results.clearcorrect.com\/?s={search_term_string}"},"query-input":{"@type":"PropertyValueSpecification","valueRequired":true,"valueName":"search_term_string"}}],"inLanguage":"es"},{"@type":"Organization","@id":"https:\/\/results.clearcorrect.com\/#organization","name":"Galer\u00eda de casos - ClearCorrect","url":"https:\/\/results.clearcorrect.com\/","logo":{"@type":"ImageObject","inLanguage":"es","@id":"https:\/\/results.clearcorrect.com\/#\/schema\/logo\/image\/","url":"https:\/\/clearcorrect.wpengine.com\/wp-content\/uploads\/2021\/02\/emaillogo@2x.png","contentUrl":"https:\/\/clearcorrect.wpengine.com\/wp-content\/uploads\/2021\/02\/emaillogo@2x.png","width":288,"height":48,"caption":"Case Gallery - ClearCorrect"},"image":{"@id":"https:\/\/results.clearcorrect.com\/#\/schema\/logo\/image\/"}}]}},"featured_image_src":null,"featured_image_src_square":null,"_links":{"self":[{"href":"https:\/\/results.clearcorrect.com\/es\/wp-json\/wp\/v2\/pages\/1318","targetHints":{"allow":["GET"]}}],"collection":[{"href":"https:\/\/results.clearcorrect.com\/es\/wp-json\/wp\/v2\/pages"}],"about":[{"href":"https:\/\/results.clearcorrect.com\/es\/wp-json\/wp\/v2\/types\/page"}],"author":[{"embeddable":true,"href":"https:\/\/results.clearcorrect.com\/es\/wp-json\/wp\/v2\/users\/1"}],"replies":[{"embeddable":true,"href":"https:\/\/results.clearcorrect.com\/es\/wp-json\/wp\/v2\/comments?post=1318"}],"version-history":[{"count":0,"href":"https:\/\/results.clearcorrect.com\/es\/wp-json\/wp\/v2\/pages\/1318\/revisions"}],"wp:attachment":[{"href":"https:\/\/results.clearcorrect.com\/es\/wp-json\/wp\/v2\/media?parent=1318"}],"curies":[{"name":"wp","href":"https:\/\/api.w.org\/{rel}","templated":true}]}}